{"id":284,"date":"2021-01-19T10:44:45","date_gmt":"2021-01-19T10:44:45","guid":{"rendered":"https:\/\/stage.osteopathie-landpraxis.de\/?page_id=284"},"modified":"2023-03-15T20:12:27","modified_gmt":"2023-03-15T20:12:27","slug":"privacy-policy","status":"publish","type":"page","link":"https:\/\/stage.osteopathie-landpraxis.de\/?page_id=284","title":{"rendered":"Impressum"},"content":{"rendered":"<div class=\"fusion-fullwidth fullwidth-box fusion-builder-row-1 fusion-flex-container nonhundred-percent-fullwidth non-hundred-percent-height-scrolling\" style=\"background-color: rgba(255,255,255,0);background-position: center center;background-repeat: no-repeat;border-width: 0px 0px 0px 0px;border-color:#e2e2e2;border-style:solid;\" ><div class=\"fusion-builder-row fusion-row fusion-flex-align-items-flex-start\" style=\"max-width:1248px;margin-left: calc(-4% \/ 2 );margin-right: calc(-4% \/ 2 );\"><div class=\"fusion-layout-column fusion_builder_column fusion-builder-column-0 fusion_builder_column_1_1 1_1 fusion-flex-column fusion-animated\" data-animationType=\"fadeInUp\" data-animationDuration=\"1.0\" data-animationOffset=\"top-into-view\"><div class=\"fusion-column-wrapper fusion-flex-justify-content-flex-start fusion-content-layout-column\" style=\"background-position:left top;background-repeat:no-repeat;-webkit-background-size:cover;-moz-background-size:cover;-o-background-size:cover;background-size:cover;padding: 0px 90px 0px 0px;\"><style type=\"text\/css\">@media only screen and (max-width:1024px) {.fusion-title.fusion-title-1{margin-top:10px!important; margin-right:!important;margin-bottom:15px!important;margin-left:!important;}}@media only screen and (max-width:640px) {.fusion-title.fusion-title-1{margin-top:10px!important; margin-right:!important;margin-bottom:10px!important; margin-left:!important;}}<\/style><div class=\"fusion-title title fusion-title-1 fusion-sep-none fusion-title-text fusion-title-size-two\" style=\"margin-top:10px;margin-bottom:15px;\"><h2 class=\"title-heading-left sm-text-align-center\" style=\"margin:0;\">Impressum<\/h2><\/div><div class=\"fusion-text fusion-text-1 sm-text-align-center\"><section class=\"l-section wpb_row height_medium\">\n<div class=\"l-section-h i-cf\">\n<div class=\"g-cols vc_row type_default valign_top\">\n<div class=\"vc_col-sm-6 wpb_column vc_column_container\">\n<div class=\"vc_column-inner\">\n<div class=\"wpb_wrapper\">\n<div class=\"wpb_text_column \">\n<div class=\"wpb_wrapper\">\n<h3>Angaben gem\u00e4\u00df \u00a7 5 TMG<\/h3>\n<p>Andreas Kaatz, Heilpraktiker<br \/>\nOsteopathie Landpraxis<br \/>\nAm Brink 9 a<br \/>\n19217 Carlow OT Klocksdorf<\/p>\n<h3>Kontakt<\/h3>\n<p>Telefon: +49 (0) 38873 399 899<br \/>\nE-Mail: kaatz.bewegt@gmail.com<\/p>\n<\/div>\n<\/div>\n<\/div>\n<\/div>\n<\/div>\n<div class=\"vc_col-sm-6 wpb_column vc_column_container\">\n<div class=\"vc_column-inner\">\n<div class=\"wpb_wrapper\">\n<div class=\"w-image\">\n<div class=\"w-image-h\"><img class=\"lazyload attachment-full size-full\" src=\"https:\/\/xn--osteo-mlln-kcb.de\/wp-content\/uploads\/2019\/05\/Bewerbungsbild.jpg\" data-orig-src=\"https:\/\/xn--osteo-mlln-kcb.de\/wp-content\/uploads\/2019\/05\/Bewerbungsbild.jpg\" data-sizes=\"auto\" data-orig-sizes=\"(max-width: 1866px) 100vw, 1866px\" srcset=\"data:image\/svg+xml,%3Csvg%20xmlns%3D%27http%3A%2F%2Fwww.w3.org%2F2000%2Fsvg%27%20width%3D%271866%27%20height%3D%271240%27%20viewBox%3D%270%200%201866%201240%27%3E%3Crect%20width%3D%271866%27%20height%3D%271240%27%20fill-opacity%3D%220%22%2F%3E%3C%2Fsvg%3E\" data-srcset=\"https:\/\/xn--osteo-mlln-kcb.de\/wp-content\/uploads\/2019\/05\/Bewerbungsbild.jpg 1866w, https:\/\/xn--osteo-mlln-kcb.de\/wp-content\/uploads\/2019\/05\/Bewerbungsbild-300x199.jpg 300w, https:\/\/xn--osteo-mlln-kcb.de\/wp-content\/uploads\/2019\/05\/Bewerbungsbild-1024x680.jpg 1024w, https:\/\/xn--osteo-mlln-kcb.de\/wp-content\/uploads\/2019\/05\/Bewerbungsbild-500x332.jpg 500w, https:\/\/xn--osteo-mlln-kcb.de\/wp-content\/uploads\/2019\/05\/Bewerbungsbild-380x253.jpg 380w\" alt=\"\" width=\"1866\" height=\"1240\" \/><\/div>\n<\/div>\n<\/div>\n<\/div>\n<\/div>\n<\/div>\n<\/div>\n<\/section>\n<section class=\"l-section wpb_row height_medium\">\n<div class=\"l-section-h i-cf\">\n<div class=\"g-cols vc_row type_default valign_top\">\n<div class=\"vc_col-sm-12 wpb_column vc_column_container\">\n<div class=\"vc_column-inner\">\n<div class=\"wpb_wrapper\">\n<div class=\"wpb_text_column \">\n<div class=\"wpb_wrapper\">\n<h3>Berufsbezeichnung und berufsrechtliche Regelungen<\/h3>\n<p>Gesetzliche Berufsbezeichnung: 27.05.2019 Erteilung der Erlaubnis zur F\u00fchrung der Berufsbezeichnung Heilpraktiker durch die Stadt Ratzeburg.<br \/>\nZust\u00e4ndige Aufsichtsbeh\u00f6rde: \u00d6ffentlicher Gesundheitsdienst des Landkreis Nordwestmecklenburg, Rostocker Stra\u00dfe 76, 23970 Wismar\u00a0Berufsrechtliche Regelungen: Gesetz \u00fcber die berufsgem\u00e4\u00dfe Aus\u00fcbung der Heilkunde ohne \u00e4rztliche Bestallung (Heilpraktikergesetz) in der im Bundesgesetzbuch Teil III, Gliederungsnummer 2122-2-1, ver\u00f6ffentlichten Fassung.<\/p>\n<p>Heilkundliche T\u00e4tigkeit ist von der Umsatzsteuer befreit, gem\u00e4\u00df nach \u00a7 4 Nr.14 UStG.<\/p>\n<p>Wir sind nicht bereit oder verpflichtet, an Streitbeilegungsverfahren vor einer Verbraucherschlichtungsstelle teilzunehmen.<\/p>\n<h3>Haftung f\u00fcr Inhalte<\/h3>\n<p>Diese Internetseite dient ausschlie\u00dflich der allgemeinen Information. Sie kann und will keine gesundheitliche Beratung oder Behandlung ersetzen, da diese individuell und nach ausf\u00fchrlicher Untersuchung erfolgen m\u00fcssen. Die Inhalte dieser Webseite wurden sorgf\u00e4ltig gepr\u00fcft und nach bestem Wissen erstellt. Dennoch kann f\u00fcr die hier angebotenen Informationen kein Anspruch auf Vollst\u00e4ndigkeit erhoben werden. Es kann dar\u00fcber hinaus keine Verantwortung f\u00fcr Sch\u00e4den \u00fcbernommen werden, die durch das Vertrauen auf die Inhalte dieser Webseite oder deren Gebrauch entsteht.<\/p>\n<p>Als Diensteanbieter sind wir gem\u00e4\u00df \u00a7 7 Abs.1 TMG f\u00fcr eigene Inhalte auf diesen Seiten nach den allgemeinen Gesetzen verantwortlich. Nach \u00a7\u00a7 8 bis 10 TMG sind wir als Diensteanbieter jedoch nicht verpflichtet, \u00fcbermittelte oder gespeicherte fremde Informationen zu \u00fcberwachen oder nach Umst\u00e4nden zu forschen, die auf eine rechtswidrige T\u00e4tigkeit hinweisen.<\/p>\n<p>Verpflichtungen zur Entfernung oder Sperrung der Nutzung von Informationen nach den allgemeinen Gesetzen bleiben hiervon unber\u00fchrt. Eine diesbez\u00fcgliche Haftung ist jedoch erst ab dem Zeitpunkt der Kenntnis einer konkreten Rechtsverletzung m\u00f6glich. Bei Bekanntwerden von entsprechenden Rechtsverletzungen werden wir diese Inhalte umgehend entfernen.<\/p>\n<p>Inhaltlich Verantwortlicher: Andreas Kaatz, Am Blank 9a, 19217 Carlow OT Klocksdorf<\/p>\n<h3>Haftung f\u00fcr Links<\/h3>\n<p>Unser Angebot enth\u00e4lt Links zu externen Websites Dritter, auf deren Inhalte wir keinen Einfluss haben. Deshalb k\u00f6nnen wir f\u00fcr diese fremden Inhalte auch keine Gew\u00e4hr \u00fcbernehmen. F\u00fcr die Inhalte der verlinkten Seiten ist stets der jeweilige Anbieter oder Betreiber der Seiten verantwortlich. Die verlinkten Seiten wurden zum Zeitpunkt der Verlinkung auf m\u00f6gliche Rechtsverst\u00f6\u00dfe \u00fcberpr\u00fcft. Rechtswidrige Inhalte waren zum Zeitpunkt der Verlinkung nicht erkennbar.<\/p>\n<p>Eine permanente inhaltliche Kontrolle der verlinkten Seiten ist jedoch ohne konkrete Anhaltspunkte einer Rechtsverletzung nicht zumutbar. Bei Bekanntwerden von Rechtsverletzungen werden wir derartige Links umgehend entfernen.<\/p>\n<h3>Urheberrecht<\/h3>\n<p>Die durch die Seitenbetreiber erstellten Inhalte und Werke auf diesen Seiten unterliegen dem deutschen Urheberrecht. Die Vervielf\u00e4ltigung, Bearbeitung, Verbreitung und jede Art der Verwertung au\u00dferhalb der Grenzen des Urheberrechtes bed\u00fcrfen der schriftlichen Zustimmung des jeweiligen Autors bzw. Erstellers. Downloads und Kopien dieser Seite sind nur f\u00fcr den privaten, nicht kommerziellen Gebrauch gestattet.<\/p>\n<p>Das Urheberrecht f\u00fcr alle Inhalte dieser Webseite liegt bei Andreas Kaatz, soweit nichts anderes mitgeteilt.<\/p>\n<p>Soweit die Inhalte auf dieser Seite nicht vom Betreiber erstellt wurden, werden die Urheberrechte Dritter beachtet. Insbesondere werden Inhalte Dritter als solche gekennzeichnet. Sollten Sie trotzdem auf eine Urheberrechtsverletzung aufmerksam werden, bitten wir um einen entsprechenden Hinweis. Bei Bekanntwerden von Rechtsverletzungen werden wir derartige Inhalte umgehend entfernen.<\/p>\n<\/div>\n<\/div>\n<\/div>\n<\/div>\n<\/div>\n<\/div>\n<\/div>\n<\/section>\n<\/div><\/div><style type=\"text\/css\">.fusion-body .fusion-builder-column-0{width:100% !important;margin-top : 0px;margin-bottom : 20px;}.fusion-builder-column-0 > .fusion-column-wrapper {padding-top : 0px !important;padding-right : 90px !important;margin-right : 1.92%;padding-bottom : 0px !important;padding-left : 0px !important;margin-left : 1.92%;}@media only screen and (max-width:1024px) {.fusion-body .fusion-builder-column-0{width:100% !important;order : 0;}.fusion-builder-column-0 > .fusion-column-wrapper {margin-right : 1.92%;margin-left : 1.92%;}}@media only screen and (max-width:640px) {.fusion-body .fusion-builder-column-0{width:100% !important;order : 0;}.fusion-builder-column-0 > .fusion-column-wrapper {padding-right : 0px !important;margin-right : 1.92%;margin-left : 1.92%;}}<\/style><\/div><\/div><style type=\"text\/css\">.fusion-body .fusion-flex-container.fusion-builder-row-1{ padding-top : 90px;margin-top : 0px;padding-right : 0px;padding-bottom : 90px;margin-bottom : 0px;padding-left : 0px;}<\/style><\/div>\n","protected":false},"excerpt":{"rendered":"","protected":false},"author":2,"featured_media":0,"parent":0,"menu_order":0,"comment_status":"closed","ping_status":"closed","template":"100-width.php","meta":[],"_links":{"self":[{"href":"https:\/\/stage.osteopathie-landpraxis.de\/index.php?rest_route=\/wp\/v2\/pages\/284"}],"collection":[{"href":"https:\/\/stage.osteopathie-landpraxis.de\/index.php?rest_route=\/wp\/v2\/pages"}],"about":[{"href":"https:\/\/stage.osteopathie-landpraxis.de\/index.php?rest_route=\/wp\/v2\/types\/page"}],"author":[{"embeddable":true,"href":"https:\/\/stage.osteopathie-landpraxis.de\/index.php?rest_route=\/wp\/v2\/users\/2"}],"replies":[{"embeddable":true,"href":"https:\/\/stage.osteopathie-landpraxis.de\/index.php?rest_route=%2Fwp%2Fv2%2Fcomments&post=284"}],"version-history":[{"count":6,"href":"https:\/\/stage.osteopathie-landpraxis.de\/index.php?rest_route=\/wp\/v2\/pages\/284\/revisions"}],"predecessor-version":[{"id":1243,"href":"https:\/\/stage.osteopathie-landpraxis.de\/index.php?rest_route=\/wp\/v2\/pages\/284\/revisions\/1243"}],"wp:attachment":[{"href":"https:\/\/stage.osteopathie-landpraxis.de\/index.php?rest_route=%2Fwp%2Fv2%2Fmedia&parent=284"}],"curies":[{"name":"wp","href":"https:\/\/api.w.org\/{rel}","templated":true}]}}